{"id":16,"date":"2018-09-14T15:22:05","date_gmt":"2018-09-14T15:22:05","guid":{"rendered":"https:\/\/redkroft.com\/?page_id=16"},"modified":"2025-08-07T16:16:40","modified_gmt":"2025-08-07T16:16:40","slug":"contact","status":"publish","type":"page","link":"https:\/\/redkroft.com\/pl\/contact\/","title":{"rendered":"Kontakt"},"content":{"rendered":"","protected":false},"excerpt":{"rendered":"","protected":false},"author":2,"featured_media":0,"parent":0,"menu_order":6,"comment_status":"closed","ping_status":"closed","template":"","meta":{"_mi_skip_tracking":false,"_monsterinsights_sitenote_active":false,"_monsterinsights_sitenote_note":"","_monsterinsights_sitenote_category":0},"aioseo_notices":[],"grid":"{\r\n  \"colCount\": 12,\r\n  \"colGutter\": 1,\r\n  \"rowGutters\": [\r\n    6,\r\n    8,\r\n    6,\r\n    6,\r\n    6,\r\n    2\r\n  ],\r\n  \"frameMargin\": 1,\r\n  \"topFrameMargin\": 100,\r\n  \"bottomFrameMargin\": 120,\r\n  \"rowAttrs\": [\r\n    {\r\n      \"relid\": 25\r\n    },\r\n    {\r\n      \"relid\": 14\r\n    },\r\n    {\r\n      \"row100vh\": false,\r\n      \"relid\": 17\r\n    },\r\n    {\r\n      \"relid\": 20\r\n    },\r\n    {\r\n      \"relid\": 21\r\n    },\r\n    {\r\n      \"bgimage\": {\r\n        \"attid\": 3347,\r\n        \"url\": \"\/wp-content\/uploads\/2025\/08\/enhanced_florianska_8_web.png\",\r\n        \"sizes\": {\r\n          \"_1920\": {\r\n            \"w\": 1920,\r\n            \"h\": 994,\r\n            \"url\": \"\/wp-content\/uploads\/2025\/08\/enhanced_florianska_8_web-1920x994.png\"\r\n          },\r\n          \"_1280\": {\r\n            \"w\": 1280,\r\n            \"h\": 663,\r\n            \"url\": \"\/wp-content\/uploads\/2025\/08\/enhanced_florianska_8_web-1280x663.png\"\r\n          },\r\n          \"_1024\": {\r\n            \"w\": 1024,\r\n            \"h\": 530,\r\n            \"url\": \"\/wp-content\/uploads\/2025\/08\/enhanced_florianska_8_web-1024x530.png\"\r\n          },\r\n          \"_768\": {\r\n            \"w\": 768,\r\n            \"h\": 398,\r\n            \"url\": \"\/wp-content\/uploads\/2025\/08\/enhanced_florianska_8_web-768x398.png\"\r\n          },\r\n          \"_512\": {\r\n            \"w\": 512,\r\n            \"h\": 265,\r\n            \"url\": \"\/wp-content\/uploads\/2025\/08\/enhanced_florianska_8_web-512x265.png\"\r\n          },\r\n          \"_265\": {\r\n            \"w\": 265,\r\n            \"h\": 137,\r\n            \"url\": \"\/wp-content\/uploads\/2025\/08\/enhanced_florianska_8_web-265x137.png\"\r\n          }\r\n        }\r\n      },\r\n      \"row100vh\": false,\r\n      \"rowcustomheight\": \"50vh\",\r\n      \"bgimageopacity\": 100,\r\n      \"relid\": 23\r\n    },\r\n    {\r\n      \"relid\": 10\r\n    }\r\n  ],\r\n  \"bgColor\": null,\r\n  \"cont\": [\r\n    {\r\n      \"type\": \"text\",\r\n      \"cont\": \"<p><span style=\\\"font-family: favorit-std-lining-light; font-size: 72px;\\\"><br \/>Wszystko <br \/>w jednym miejscu.<br \/><\/span><\/p>\",\r\n      \"align\": \"top\",\r\n      \"row\": 0,\r\n      \"col\": 1,\r\n      \"colspan\": 10,\r\n      \"offsetx\": 0,\r\n      \"offsety\": 0,\r\n      \"spaceabove\": 0,\r\n      \"spacebelow\": 0,\r\n      \"yvel\": 1,\r\n      \"push\": 1,\r\n      \"relid\": 26,\r\n      \"absolute_position\": false,\r\n      \"dosync\": false\r\n    },\r\n    {\r\n      \"type\": \"text\",\r\n      \"cont\": \"<p><span style=\\\"font-size: 28px;\\\">Je\u015bli potrzebujesz holistycznego, kreatywnego podej\u015bcia do swojej marki, dobrze trafi\u0142e\u015b. W naszym studiu piszemy, rysujemy, animujemy, tworzymy prompty i realizujemy wszelkie formy pracy artystycznej - zawsze wsp\u00f3lnie, w nieustannej wsp\u00f3\u0142pracy ca\u0142ego zespo\u0142u. <\/span><\/p>\",\r\n      \"align\": \"top\",\r\n      \"row\": 1,\r\n      \"col\": 4,\r\n      \"colspan\": 6,\r\n      \"offsetx\": 0,\r\n      \"offsety\": 0,\r\n      \"spaceabove\": 0,\r\n      \"spacebelow\": 0,\r\n      \"yvel\": 1,\r\n      \"push\": 4,\r\n      \"relid\": 16,\r\n      \"absolute_position\": false,\r\n      \"frameOverflow\": \"\",\r\n      \"dosync\": false\r\n    },\r\n    {\r\n      \"type\": \"text\",\r\n      \"cont\": \"<h1 class=\\\"_Headline\\\">Studio.<\/h1>\",\r\n      \"align\": \"top\",\r\n      \"row\": 2,\r\n      \"col\": 0,\r\n      \"colspan\": 3,\r\n      \"offsetx\": 0,\r\n      \"offsety\": 0,\r\n      \"spaceabove\": 0,\r\n      \"spacebelow\": 0,\r\n      \"yvel\": 1,\r\n      \"push\": 0,\r\n      \"relid\": 7,\r\n      \"absolute_position\": false,\r\n      \"dosync\": false\r\n    },\r\n    {\r\n      \"type\": \"text\",\r\n      \"cont\": \"<h1 class=\\\"_Headline\\\">info@redkroft.com<\/h1>\",\r\n      \"align\": \"top\",\r\n      \"row\": 2,\r\n      \"col\": 4,\r\n      \"colspan\": 7,\r\n      \"offsetx\": 0,\r\n      \"offsety\": 0,\r\n      \"spaceabove\": 0,\r\n      \"spacebelow\": 0,\r\n      \"yvel\": 1,\r\n      \"push\": 1,\r\n      \"relid\": 36,\r\n      \"absolute_position\": false,\r\n      \"frameOverflow\": \"\",\r\n      \"dosync\": false\r\n    },\r\n    {\r\n      \"type\": \"text\",\r\n      \"cont\": \"<p>Floria\u0144ska 8\/19<br \/>03-707 Warszawa<\/p>\",\r\n      \"align\": \"top\",\r\n      \"row\": 3,\r\n      \"col\": 4,\r\n      \"colspan\": 2,\r\n      \"offsetx\": 0,\r\n      \"offsety\": 0.5,\r\n      \"spaceabove\": 0,\r\n      \"spacebelow\": 0,\r\n      \"yvel\": 1,\r\n      \"push\": 4,\r\n      \"relid\": 8,\r\n      \"absolute_position\": false,\r\n      \"dosync\": false\r\n    },\r\n    {\r\n      \"type\": \"text\",\r\n      \"cont\": \"<p>Otwarte:<br \/>Poniedzia\u0142ek \u2014 Pi\u0105tek<br \/>10:00 \u2014 18:00<\/p>\",\r\n      \"align\": \"top\",\r\n      \"row\": 3,\r\n      \"col\": 6,\r\n      \"colspan\": 2,\r\n      \"offsetx\": 0,\r\n      \"offsety\": 0.5,\r\n      \"spaceabove\": 0,\r\n      \"spacebelow\": 0,\r\n      \"yvel\": 1,\r\n      \"push\": 0,\r\n      \"relid\": 9,\r\n      \"absolute_position\": false,\r\n      \"dosync\": false\r\n    },\r\n    {\r\n      \"type\": \"text\",\r\n      \"cont\": \"\",\r\n      \"align\": \"top\",\r\n      \"row\": 3,\r\n      \"col\": 8,\r\n      \"colspan\": 2,\r\n      \"offsetx\": 0,\r\n      \"offsety\": 0.5,\r\n      \"spaceabove\": 0,\r\n      \"spacebelow\": 0,\r\n      \"yvel\": 1,\r\n      \"push\": 0,\r\n      \"relid\": 5,\r\n      \"absolute_position\": false,\r\n      \"dosync\": false\r\n    },\r\n    {\r\n      \"type\": \"text\",\r\n      \"cont\": \"<h1 class=\\\"_Headline\\\">Social media.<\/h1>\",\r\n      \"align\": \"top\",\r\n      \"row\": 4,\r\n      \"col\": 0,\r\n      \"colspan\": 3,\r\n      \"offsetx\": 0,\r\n      \"offsety\": 0,\r\n      \"spaceabove\": 0,\r\n      \"spacebelow\": 0,\r\n      \"yvel\": 1,\r\n      \"push\": 0,\r\n      \"relid\": 11,\r\n      \"absolute_position\": false,\r\n      \"frameOverflow\": \"\",\r\n      \"dosync\": false\r\n    },\r\n    {\r\n      \"type\": \"text\",\r\n      \"cont\": \"<p style=\\\"line-height: 2;\\\"><span style=\\\"font-family: favorit-std-lining-light;\\\"><a rel=\\\"noopener\\\" href=\\\"https:\/\/www.instagram.com\/redkroft\/\\\" target=\\\"_blank\\\">Instagram<\/a><br \/><a href=\\\"https:\/\/www.linkedin.com\/company\/redkroftstudio\\\">LinkedIn<\/a><br \/><a rel=\\\"noopener\\\" href=\\\"https:\/\/www.facebook.com\/redkroft\/\\\" target=\\\"_blank\\\">Facebook<\/a><br \/><a rel=\\\"noopener\\\" href=\\\"https:\/\/www.behance.net\/redkroft\/\\\" target=\\\"_blank\\\">Behance<\/a><\/span><\/p><p>\u00a0<\/p>\",\r\n      \"align\": \"top\",\r\n      \"row\": 4,\r\n      \"col\": 4,\r\n      \"colspan\": 2,\r\n      \"offsetx\": 0,\r\n      \"offsety\": 0.5,\r\n      \"spaceabove\": 0,\r\n      \"spacebelow\": 0,\r\n      \"yvel\": 1,\r\n      \"push\": 1,\r\n      \"relid\": 12,\r\n      \"absolute_position\": false,\r\n      \"dosync\": false\r\n    },\r\n    {\r\n      \"type\": \"text\",\r\n      \"cont\": \"<p>Nasze studio mie\u015bci si\u0119 przy ulicy Floria\u0144skiej w Warszawie. Ulica zosta\u0142a wytyczona w 1863 roku jako jedna z czterech dr\u00f3g odchodz\u0105cych promieni\u015bcie od nowo utworzonego placu Weteran\u00f3w 1863 r. Po 1910 roku wzniesiono tu dwie czynszowe kamienice; w wi\u0119kszej z nich, pod nr 8, dzia\u0142a\u0142 w okresie mi\u0119dzywojennym hotel.<\/p><p>\u00a0<\/p><p>Ciekawe, kto mieszka\u0142 w apartamencie pod numerem 19.<\/p>\",\r\n      \"align\": \"top\",\r\n      \"row\": 6,\r\n      \"col\": 4,\r\n      \"colspan\": 5,\r\n      \"offsetx\": 0,\r\n      \"offsety\": 0,\r\n      \"spaceabove\": 0,\r\n      \"spacebelow\": 0,\r\n      \"yvel\": 1,\r\n      \"push\": 4,\r\n      \"relid\": 13,\r\n      \"absolute_position\": false,\r\n      \"frameOverflow\": \"\",\r\n      \"dosync\": false\r\n    }\r\n  ]\r\n}","phonegrid":"{\r\n  \"colCount\": 12,\r\n  \"colGutter\": 1,\r\n  \"rowGutters\": [\r\n    \"10\",\r\n    \"15\",\r\n    \"10\",\r\n    \"10\",\r\n    5,\r\n    \"15\",\r\n    \"10\",\r\n    \"15\",\r\n    5\r\n  ],\r\n  \"frameMargin\": 5,\r\n  \"topFrameMargin\": \"10\",\r\n  \"bottomFrameMargin\": 10,\r\n  \"rowAttrs\": [\r\n    {\r\n      \"relid\": 4\r\n    },\r\n    {\r\n      \"relid\": 14\r\n    },\r\n    {\r\n      \"relid\": 20\r\n    },\r\n    {\r\n      \"relid\": 22\r\n    },\r\n    {\r\n      \"relid\": 15\r\n    },\r\n    {\r\n      \"relid\": 18\r\n    },\r\n    {\r\n      \"relid\": 6\r\n    },\r\n    {\r\n      \"relid\": 21\r\n    },\r\n    {\r\n      \"bgimage\": {\r\n        \"attid\": 3347,\r\n        \"url\": \"\/wp-content\/uploads\/2025\/08\/enhanced_florianska_8_web.png\",\r\n        \"sizes\": {\r\n          \"_1920\": {\r\n            \"w\": 1920,\r\n            \"h\": 994,\r\n            \"url\": \"\/wp-content\/uploads\/2025\/08\/enhanced_florianska_8_web-1920x994.png\"\r\n          },\r\n          \"_1280\": {\r\n            \"w\": 1280,\r\n            \"h\": 663,\r\n            \"url\": \"\/wp-content\/uploads\/2025\/08\/enhanced_florianska_8_web-1280x663.png\"\r\n          },\r\n          \"_1024\": {\r\n            \"w\": 1024,\r\n            \"h\": 530,\r\n            \"url\": \"\/wp-content\/uploads\/2025\/08\/enhanced_florianska_8_web-1024x530.png\"\r\n          },\r\n          \"_768\": {\r\n            \"w\": 768,\r\n            \"h\": 398,\r\n            \"url\": \"\/wp-content\/uploads\/2025\/08\/enhanced_florianska_8_web-768x398.png\"\r\n          },\r\n          \"_512\": {\r\n            \"w\": 512,\r\n            \"h\": 265,\r\n            \"url\": \"\/wp-content\/uploads\/2025\/08\/enhanced_florianska_8_web-512x265.png\"\r\n          },\r\n          \"_265\": {\r\n            \"w\": 265,\r\n            \"h\": 137,\r\n            \"url\": \"\/wp-content\/uploads\/2025\/08\/enhanced_florianska_8_web-265x137.png\"\r\n          }\r\n        }\r\n      },\r\n      \"row100vh\": false,\r\n      \"rowcustomheight\": \"30vh\",\r\n      \"bgimageopacity\": 100,\r\n      \"relid\": 23\r\n    },\r\n    {\r\n      \"relid\": 10\r\n    }\r\n  ],\r\n  \"bgColor\": null,\r\n  \"cont\": [\r\n    {\r\n      \"type\": \"text\",\r\n      \"cont\": \"<p><span style=\\\"font-family: favorit-std-light; font-size: 20px; letter-spacing: -0.03em; text-indent: 0em;\\\"><span style=\\\"font-family: favorit-std-lining-light; font-size: 36px;\\\">Wszystko w jednym miejscu.<\/span><\/span><\/p>\",\r\n      \"align\": \"middle\",\r\n      \"row\": 0,\r\n      \"col\": 0,\r\n      \"colspan\": 12,\r\n      \"offsetx\": 0,\r\n      \"offsety\": 0,\r\n      \"spaceabove\": 0,\r\n      \"spacebelow\": 0,\r\n      \"yvel\": 1,\r\n      \"push\": 0,\r\n      \"relid\": 19,\r\n      \"absolute_position\": false,\r\n      \"frameOverflow\": \"\"\r\n    },\r\n    {\r\n      \"type\": \"text\",\r\n      \"cont\": \"<p><span style=\\\"font-size: 16px;\\\">Je\u015bli potrzebujesz holistycznego, kreatywnego podej\u015bcia do swojej marki, dobrze trafi\u0142e\u015b. W naszym studiu piszemy, rysujemy, animujemy, tworzymy prompty i realizujemy wszelkie formy pracy artystycznej - zawsze wsp\u00f3lnie, w nieustannej wsp\u00f3\u0142pracy ca\u0142ego zespo\u0142u. <\/span><\/p>\",\r\n      \"align\": \"top\",\r\n      \"row\": 1,\r\n      \"col\": 1,\r\n      \"colspan\": 10,\r\n      \"offsetx\": 0,\r\n      \"offsety\": 0,\r\n      \"spaceabove\": 0,\r\n      \"spacebelow\": 0,\r\n      \"yvel\": 1,\r\n      \"push\": 1,\r\n      \"relid\": 16,\r\n      \"absolute_position\": false,\r\n      \"frameOverflow\": \"\",\r\n      \"dosync\": false\r\n    },\r\n    {\r\n      \"type\": \"text\",\r\n      \"cont\": \"<h1 class=\\\"_Headline\\\"><span style=\\\"font-size: 36px;\\\">Studio.<\/span><\/h1>\",\r\n      \"align\": \"top\",\r\n      \"row\": 2,\r\n      \"col\": 0,\r\n      \"colspan\": 12,\r\n      \"offsetx\": 0,\r\n      \"offsety\": 0,\r\n      \"spaceabove\": 0,\r\n      \"spacebelow\": 0,\r\n      \"yvel\": 1,\r\n      \"push\": 0,\r\n      \"relid\": 7,\r\n      \"absolute_position\": false,\r\n      \"frameOverflow\": \"\",\r\n      \"dosync\": false\r\n    },\r\n    {\r\n      \"type\": \"text\",\r\n      \"cont\": \"<h1 class=\\\"_Headline\\\">info@redkroft.com<\/h1>\",\r\n      \"align\": \"top\",\r\n      \"row\": 3,\r\n      \"col\": 1,\r\n      \"colspan\": 11,\r\n      \"offsetx\": 0,\r\n      \"offsety\": 0,\r\n      \"spaceabove\": 0,\r\n      \"spacebelow\": 0,\r\n      \"yvel\": 1,\r\n      \"push\": 1,\r\n      \"relid\": 36,\r\n      \"absolute_position\": false,\r\n      \"dosync\": false,\r\n      \"frameOverflow\": \"\"\r\n    },\r\n    {\r\n      \"type\": \"text\",\r\n      \"cont\": \"<p>Floria\u0144ska 8\/19<br \/>03-707 Warszawa<\/p>\",\r\n      \"align\": \"top\",\r\n      \"row\": 4,\r\n      \"col\": 1,\r\n      \"colspan\": 11,\r\n      \"offsetx\": 0,\r\n      \"offsety\": 0.5,\r\n      \"spaceabove\": 0,\r\n      \"spacebelow\": 0,\r\n      \"yvel\": 1,\r\n      \"push\": 1,\r\n      \"relid\": 8,\r\n      \"absolute_position\": false,\r\n      \"dosync\": false,\r\n      \"frameOverflow\": \"\"\r\n    },\r\n    {\r\n      \"type\": \"text\",\r\n      \"cont\": \"<p>Otwarte:<br \/>Poniedzia\u0142ek \u2014 Pi\u0105tek<br \/>10:00 \u2014 18:00<\/p>\",\r\n      \"align\": \"top\",\r\n      \"row\": 5,\r\n      \"col\": 1,\r\n      \"colspan\": 11,\r\n      \"offsetx\": 0,\r\n      \"offsety\": 0.5,\r\n      \"spaceabove\": 0,\r\n      \"spacebelow\": 0,\r\n      \"yvel\": 1,\r\n      \"push\": 1,\r\n      \"relid\": 9,\r\n      \"absolute_position\": false,\r\n      \"dosync\": false,\r\n      \"frameOverflow\": \"\"\r\n    },\r\n    {\r\n      \"type\": \"text\",\r\n      \"cont\": \"<h1 class=\\\"_Headline\\\"><span style=\\\"font-size: 36px;\\\">Social media.<\/span><\/h1>\",\r\n      \"align\": \"top\",\r\n      \"row\": 6,\r\n      \"col\": 0,\r\n      \"colspan\": 12,\r\n      \"offsetx\": 0,\r\n      \"offsety\": 0,\r\n      \"spaceabove\": 0,\r\n      \"spacebelow\": 0,\r\n      \"yvel\": 1,\r\n      \"push\": 0,\r\n      \"relid\": 11,\r\n      \"absolute_position\": false,\r\n      \"dosync\": false,\r\n      \"frameOverflow\": \"\"\r\n    },\r\n    {\r\n      \"type\": \"text\",\r\n      \"cont\": \"<p style=\\\"line-height: 2;\\\"><span style=\\\"font-family: favorit-std-lining-light;\\\"><a rel=\\\"noopener\\\" href=\\\"https:\/\/www.instagram.com\/redkroft\/\\\" target=\\\"_blank\\\">Instagram<\/a><br \/><a href=\\\"https:\/\/www.linkedin.com\/company\/redkroftstudio\\\">LinkedIn<\/a><br \/><a rel=\\\"noopener\\\" href=\\\"https:\/\/www.facebook.com\/redkroft\/\\\" target=\\\"_blank\\\">Facebook<\/a><br \/><a rel=\\\"noopener\\\" href=\\\"https:\/\/www.behance.net\/redkroft\/\\\" target=\\\"_blank\\\">Behance<\/a><\/span><\/p>\",\r\n      \"align\": \"top\",\r\n      \"row\": 7,\r\n      \"col\": 1,\r\n      \"colspan\": 11,\r\n      \"offsetx\": 0,\r\n      \"offsety\": 0.5,\r\n      \"spaceabove\": 0,\r\n      \"spacebelow\": 0,\r\n      \"yvel\": 1,\r\n      \"push\": 1,\r\n      \"relid\": 12,\r\n      \"absolute_position\": false,\r\n      \"dosync\": false,\r\n      \"frameOverflow\": \"\"\r\n    },\r\n    {\r\n      \"type\": \"text\",\r\n      \"cont\": \"<p style=\\\"line-height: 1;\\\"><span style=\\\"font-size: 14px;\\\">Nasze studio mie\u015bci si\u0119 przy ulicy Floria\u0144skiej w Warszawie. Ulica zosta\u0142a wytyczona w 1863 roku jako jedna z czterech dr\u00f3g odchodz\u0105cych promieni\u015bcie od nowo utworzonego placu Weteran\u00f3w 1863 r. Po 1910 roku wzniesiono tu dwie czynszowe kamienice; w wi\u0119kszej z nich, pod nr 8, dzia\u0142a\u0142 w okresie mi\u0119dzywojennym hotel.<\/span><\/p><p style=\\\"line-height: 1;\\\"><span style=\\\"font-size: 14px;\\\">Ciekawe, kto mieszka\u0142 w apartamencie pod numerem 19.<\/span><\/p>\",\r\n      \"align\": \"top\",\r\n      \"row\": 9,\r\n      \"col\": 1,\r\n      \"colspan\": 10,\r\n      \"offsetx\": 0,\r\n      \"offsety\": 0,\r\n      \"spaceabove\": 0,\r\n      \"spacebelow\": 0,\r\n      \"yvel\": 1,\r\n      \"push\": 1,\r\n      \"relid\": 13,\r\n      \"absolute_position\": false,\r\n      \"frameOverflow\": \"\",\r\n      \"dosync\": false\r\n    }\r\n  ],\r\n  \"leftFrameMargin\": 5,\r\n  \"rightFrameMargin\": 5\r\n}","_links":{"self":[{"href":"https:\/\/redkroft.com\/pl\/wp-json\/wp\/v2\/pages\/16"}],"collection":[{"href":"https:\/\/redkroft.com\/pl\/wp-json\/wp\/v2\/pages"}],"about":[{"href":"https:\/\/redkroft.com\/pl\/wp-json\/wp\/v2\/types\/page"}],"author":[{"embeddable":true,"href":"https:\/\/redkroft.com\/pl\/wp-json\/wp\/v2\/users\/2"}],"replies":[{"embeddable":true,"href":"https:\/\/redkroft.com\/pl\/wp-json\/wp\/v2\/comments?post=16"}],"version-history":[{"count":0,"href":"https:\/\/redkroft.com\/pl\/wp-json\/wp\/v2\/pages\/16\/revisions"}],"wp:attachment":[{"href":"https:\/\/redkroft.com\/pl\/wp-json\/wp\/v2\/media?parent=16"}],"curies":[{"name":"wp","href":"https:\/\/api.w.org\/{rel}","templated":true}]}}